{"id":120,"date":"2024-01-16T10:27:22","date_gmt":"2024-01-16T13:27:22","guid":{"rendered":"https:\/\/lenglerlaw.com\/?page_id=120"},"modified":"2024-01-16T10:27:22","modified_gmt":"2024-01-16T13:27:22","slug":"nossa-missao-e-contribuir-para-o-sucesso-dos-clientes-atraves-de-solucoes-juridicas-inovadoras-criativas-e-eficientes","status":"publish","type":"page","link":"https:\/\/lenglerlaw.com\/en\/quem-somos\/nossa-missao-e-contribuir-para-o-sucesso-dos-clientes-atraves-de-solucoes-juridicas-inovadoras-criativas-e-eficientes\/","title":{"rendered":"\u201cOur mission is to contribute to the success of our clients through innovative, creative, and efficient legal solutions.\u201d."},"content":{"rendered":"","protected":false},"excerpt":{"rendered":"","protected":false},"author":3,"featured_media":123,"parent":15,"menu_order":0,"comment_status":"closed","ping_status":"closed","template":"","meta":{"_acf_changed":false,"footnotes":""},"class_list":["post-120","page","type-page","status-publish","has-post-thumbnail","hentry"],"acf":[],"yoast_head":"<!-- This site is optimized with the Yoast SEO plugin v27.2 - https:\/\/yoast.com\/product\/yoast-seo-wordpress\/ -->\n<title>\u201cOur mission is to contribute to the success of our clients through innovative, creative, and efficient legal solutions.\u201d. - Lengler Law<\/title>\n<meta name=\"robots\" content=\"index, follow, max-snippet:-1, max-image-preview:large, max-video-preview:-1\" \/>\n<link rel=\"canonical\" href=\"https:\/\/lenglerlaw.com\/en\/quem-somos\/nossa-missao-e-contribuir-para-o-sucesso-dos-clientes-atraves-de-solucoes-juridicas-inovadoras-criativas-e-eficientes\/\" \/>\n<meta property=\"og:locale\" content=\"en_US\" \/>\n<meta property=\"og:type\" content=\"article\" \/>\n<meta property=\"og:title\" content=\"\u201cOur mission is to contribute to the success of our clients through innovative, creative, and efficient legal solutions.\u201d. - Lengler Law\" \/>\n<meta property=\"og:url\" content=\"https:\/\/lenglerlaw.com\/en\/quem-somos\/nossa-missao-e-contribuir-para-o-sucesso-dos-clientes-atraves-de-solucoes-juridicas-inovadoras-criativas-e-eficientes\/\" \/>\n<meta property=\"og:site_name\" content=\"Lengler Law\" \/>\n<meta property=\"og:image\" content=\"https:\/\/lenglerlaw.com\/wp-content\/uploads\/2024\/01\/paralax.jpg\" \/>\n\t<meta property=\"og:image:width\" content=\"1920\" \/>\n\t<meta property=\"og:image:height\" content=\"638\" \/>\n\t<meta property=\"og:image:type\" content=\"image\/jpeg\" \/>\n<meta name=\"twitter:card\" content=\"summary_large_image\" \/>\n<meta name=\"twitter:label1\" content=\"Est. reading time\" \/>\n\t<meta name=\"twitter:data1\" content=\"1 minute\" \/>\n<script type=\"application\/ld+json\" class=\"yoast-schema-graph\">{\"@context\":\"https:\/\/schema.org\",\"@graph\":[{\"@type\":\"WebPage\",\"@id\":\"https:\/\/lenglerlaw.com\/en\/quem-somos\/nossa-missao-e-contribuir-para-o-sucesso-dos-clientes-atraves-de-solucoes-juridicas-inovadoras-criativas-e-eficientes\/\",\"url\":\"https:\/\/lenglerlaw.com\/en\/quem-somos\/nossa-missao-e-contribuir-para-o-sucesso-dos-clientes-atraves-de-solucoes-juridicas-inovadoras-criativas-e-eficientes\/\",\"name\":\"\u201cOur mission is to contribute to the success of our clients through innovative, creative, and efficient legal solutions.\u201d. - Lengler Law\",\"isPartOf\":{\"@id\":\"https:\/\/lenglerlaw.com\/en\/#website\"},\"primaryImageOfPage\":{\"@id\":\"https:\/\/lenglerlaw.com\/en\/quem-somos\/nossa-missao-e-contribuir-para-o-sucesso-dos-clientes-atraves-de-solucoes-juridicas-inovadoras-criativas-e-eficientes\/#primaryimage\"},\"image\":{\"@id\":\"https:\/\/lenglerlaw.com\/quem-somos\/nossa-missao-e-contribuir-para-o-sucesso-dos-clientes-atraves-de-solucoes-juridicas-inovadoras-criativas-e-eficientes\/#primaryimage\"},\"thumbnailUrl\":\"https:\/\/lenglerlaw.com\/wp-content\/uploads\/2024\/01\/paralax.jpg\",\"datePublished\":\"2024-01-16T13:27:22+00:00\",\"breadcrumb\":{\"@id\":\"https:\/\/lenglerlaw.com\/en\/quem-somos\/nossa-missao-e-contribuir-para-o-sucesso-dos-clientes-atraves-de-solucoes-juridicas-inovadoras-criativas-e-eficientes\/#breadcrumb\"},\"inLanguage\":\"en-US\",\"potentialAction\":[{\"@type\":\"ReadAction\",\"target\":[[\"https:\/\/lenglerlaw.com\/en\/quem-somos\/nossa-missao-e-contribuir-para-o-sucesso-dos-clientes-atraves-de-solucoes-juridicas-inovadoras-criativas-e-eficientes\/\"]]}]},{\"@type\":\"ImageObject\",\"inLanguage\":\"en-US\",\"@id\":\"https:\/\/lenglerlaw.com\/en\/quem-somos\/nossa-missao-e-contribuir-para-o-sucesso-dos-clientes-atraves-de-solucoes-juridicas-inovadoras-criativas-e-eficientes\/#primaryimage\",\"url\":\"https:\/\/lenglerlaw.com\/wp-content\/uploads\/2024\/01\/paralax.jpg\",\"contentUrl\":\"https:\/\/lenglerlaw.com\/wp-content\/uploads\/2024\/01\/paralax.jpg\",\"width\":1920,\"height\":638},{\"@type\":\"BreadcrumbList\",\"@id\":\"https:\/\/lenglerlaw.com\/en\/quem-somos\/nossa-missao-e-contribuir-para-o-sucesso-dos-clientes-atraves-de-solucoes-juridicas-inovadoras-criativas-e-eficientes\/#breadcrumb\",\"itemListElement\":[{\"@type\":\"ListItem\",\"position\":1,\"name\":\"In\u00edcio\",\"item\":\"https:\/\/lenglerlaw.com\/en\/\"},{\"@type\":\"ListItem\",\"position\":2,\"name\":\"Quem somos\",\"item\":\"https:\/\/lenglerlaw.com\/en\/quem-somos\/\"},{\"@type\":\"ListItem\",\"position\":3,\"name\":\"\u201cNossa miss\u00e3o \u00e9 contribuir para o sucesso dos clientes atrav\u00e9s de solu\u00e7\u00f5es jur\u00eddicas inovadoras, criativas e eficientes\u201d.\"}]},{\"@type\":\"WebSite\",\"@id\":\"https:\/\/lenglerlaw.com\/en\/#website\",\"url\":\"https:\/\/lenglerlaw.com\/en\/\",\"name\":\"Lengler Law\",\"description\":\"\",\"publisher\":{\"@id\":\"https:\/\/lenglerlaw.com\/en\/#organization\"},\"potentialAction\":[{\"@type\":\"SearchAction\",\"target\":{\"@type\":\"EntryPoint\",\"urlTemplate\":\"https:\/\/lenglerlaw.com\/en\/?s={search_term_string}\"},\"query-input\":{\"@type\":\"PropertyValueSpecification\",\"valueRequired\":true,\"valueName\":\"search_term_string\"}}],\"inLanguage\":\"en-US\"},{\"@type\":\"Organization\",\"@id\":\"https:\/\/lenglerlaw.com\/en\/#organization\",\"name\":\"Lengler Law\",\"url\":\"https:\/\/lenglerlaw.com\/en\/\",\"logo\":{\"@type\":\"ImageObject\",\"inLanguage\":\"en-US\",\"@id\":\"https:\/\/lenglerlaw.com\/en\/#\/schema\/logo\/image\/\",\"url\":\"https:\/\/lenglerlaw.com\/wp-content\/uploads\/2024\/10\/logo_lengler1.png\",\"contentUrl\":\"https:\/\/lenglerlaw.com\/wp-content\/uploads\/2024\/10\/logo_lengler1.png\",\"width\":750,\"height\":161,\"caption\":\"Lengler Law\"},\"image\":{\"@id\":\"https:\/\/lenglerlaw.com\/en\/#\/schema\/logo\/image\/\"},\"sameAs\":[\"https:\/\/www.linkedin.com\/company\/lengler-law\/\"]}]}<\/script>\n<!-- \/ Yoast SEO plugin. -->","yoast_head_json":{"title":"\u201cOur mission is to contribute to the success of our clients through innovative, creative, and efficient legal solutions.\u201d. - Lengler Law","robots":{"index":"index","follow":"follow","max-snippet":"max-snippet:-1","max-image-preview":"max-image-preview:large","max-video-preview":"max-video-preview:-1"},"canonical":"https:\/\/lenglerlaw.com\/en\/quem-somos\/nossa-missao-e-contribuir-para-o-sucesso-dos-clientes-atraves-de-solucoes-juridicas-inovadoras-criativas-e-eficientes\/","og_locale":"en_US","og_type":"article","og_title":"\u201cOur mission is to contribute to the success of our clients through innovative, creative, and efficient legal solutions.\u201d. - Lengler Law","og_url":"https:\/\/lenglerlaw.com\/en\/quem-somos\/nossa-missao-e-contribuir-para-o-sucesso-dos-clientes-atraves-de-solucoes-juridicas-inovadoras-criativas-e-eficientes\/","og_site_name":"Lengler Law","og_image":[{"width":1920,"height":638,"url":"https:\/\/lenglerlaw.com\/wp-content\/uploads\/2024\/01\/paralax.jpg","type":"image\/jpeg"}],"twitter_card":"summary_large_image","twitter_misc":{"Est. reading time":"1 minute"},"schema":{"@context":"https:\/\/schema.org","@graph":[{"@type":"WebPage","@id":"https:\/\/lenglerlaw.com\/en\/quem-somos\/nossa-missao-e-contribuir-para-o-sucesso-dos-clientes-atraves-de-solucoes-juridicas-inovadoras-criativas-e-eficientes\/","url":"https:\/\/lenglerlaw.com\/en\/quem-somos\/nossa-missao-e-contribuir-para-o-sucesso-dos-clientes-atraves-de-solucoes-juridicas-inovadoras-criativas-e-eficientes\/","name":"\u201cOur mission is to contribute to the success of our clients through innovative, creative, and efficient legal solutions.\u201d. - Lengler Law","isPartOf":{"@id":"https:\/\/lenglerlaw.com\/en\/#website"},"primaryImageOfPage":{"@id":"https:\/\/lenglerlaw.com\/en\/quem-somos\/nossa-missao-e-contribuir-para-o-sucesso-dos-clientes-atraves-de-solucoes-juridicas-inovadoras-criativas-e-eficientes\/#primaryimage"},"image":{"@id":"https:\/\/lenglerlaw.com\/quem-somos\/nossa-missao-e-contribuir-para-o-sucesso-dos-clientes-atraves-de-solucoes-juridicas-inovadoras-criativas-e-eficientes\/#primaryimage"},"thumbnailUrl":"https:\/\/lenglerlaw.com\/wp-content\/uploads\/2024\/01\/paralax.jpg","datePublished":"2024-01-16T13:27:22+00:00","breadcrumb":{"@id":"https:\/\/lenglerlaw.com\/en\/quem-somos\/nossa-missao-e-contribuir-para-o-sucesso-dos-clientes-atraves-de-solucoes-juridicas-inovadoras-criativas-e-eficientes\/#breadcrumb"},"inLanguage":"en-US","potentialAction":[{"@type":"ReadAction","target":[["https:\/\/lenglerlaw.com\/en\/quem-somos\/nossa-missao-e-contribuir-para-o-sucesso-dos-clientes-atraves-de-solucoes-juridicas-inovadoras-criativas-e-eficientes\/"]]}]},{"@type":"ImageObject","inLanguage":"en-US","@id":"https:\/\/lenglerlaw.com\/en\/quem-somos\/nossa-missao-e-contribuir-para-o-sucesso-dos-clientes-atraves-de-solucoes-juridicas-inovadoras-criativas-e-eficientes\/#primaryimage","url":"https:\/\/lenglerlaw.com\/wp-content\/uploads\/2024\/01\/paralax.jpg","contentUrl":"https:\/\/lenglerlaw.com\/wp-content\/uploads\/2024\/01\/paralax.jpg","width":1920,"height":638},{"@type":"BreadcrumbList","@id":"https:\/\/lenglerlaw.com\/en\/quem-somos\/nossa-missao-e-contribuir-para-o-sucesso-dos-clientes-atraves-de-solucoes-juridicas-inovadoras-criativas-e-eficientes\/#breadcrumb","itemListElement":[{"@type":"ListItem","position":1,"name":"In\u00edcio","item":"https:\/\/lenglerlaw.com\/en\/"},{"@type":"ListItem","position":2,"name":"Quem somos","item":"https:\/\/lenglerlaw.com\/en\/quem-somos\/"},{"@type":"ListItem","position":3,"name":"\u201cNossa miss\u00e3o \u00e9 contribuir para o sucesso dos clientes atrav\u00e9s de solu\u00e7\u00f5es jur\u00eddicas inovadoras, criativas e eficientes\u201d."}]},{"@type":"WebSite","@id":"https:\/\/lenglerlaw.com\/en\/#website","url":"https:\/\/lenglerlaw.com\/en\/","name":"Lengler Law","description":"","publisher":{"@id":"https:\/\/lenglerlaw.com\/en\/#organization"},"potentialAction":[{"@type":"SearchAction","target":{"@type":"EntryPoint","urlTemplate":"https:\/\/lenglerlaw.com\/en\/?s={search_term_string}"},"query-input":{"@type":"PropertyValueSpecification","valueRequired":true,"valueName":"search_term_string"}}],"inLanguage":"en-US"},{"@type":"Organization","@id":"https:\/\/lenglerlaw.com\/en\/#organization","name":"Lengler Law","url":"https:\/\/lenglerlaw.com\/en\/","logo":{"@type":"ImageObject","inLanguage":"en-US","@id":"https:\/\/lenglerlaw.com\/en\/#\/schema\/logo\/image\/","url":"https:\/\/lenglerlaw.com\/wp-content\/uploads\/2024\/10\/logo_lengler1.png","contentUrl":"https:\/\/lenglerlaw.com\/wp-content\/uploads\/2024\/10\/logo_lengler1.png","width":750,"height":161,"caption":"Lengler Law"},"image":{"@id":"https:\/\/lenglerlaw.com\/en\/#\/schema\/logo\/image\/"},"sameAs":["https:\/\/www.linkedin.com\/company\/lengler-law\/"]}]}},"_links":{"self":[{"href":"https:\/\/lenglerlaw.com\/en\/wp-json\/wp\/v2\/pages\/120","targetHints":{"allow":["GET"]}}],"collection":[{"href":"https:\/\/lenglerlaw.com\/en\/wp-json\/wp\/v2\/pages"}],"about":[{"href":"https:\/\/lenglerlaw.com\/en\/wp-json\/wp\/v2\/types\/page"}],"author":[{"embeddable":true,"href":"https:\/\/lenglerlaw.com\/en\/wp-json\/wp\/v2\/users\/3"}],"replies":[{"embeddable":true,"href":"https:\/\/lenglerlaw.com\/en\/wp-json\/wp\/v2\/comments?post=120"}],"version-history":[{"count":1,"href":"https:\/\/lenglerlaw.com\/en\/wp-json\/wp\/v2\/pages\/120\/revisions"}],"predecessor-version":[{"id":121,"href":"https:\/\/lenglerlaw.com\/en\/wp-json\/wp\/v2\/pages\/120\/revisions\/121"}],"up":[{"embeddable":true,"href":"https:\/\/lenglerlaw.com\/en\/wp-json\/wp\/v2\/pages\/15"}],"wp:featuredmedia":[{"embeddable":true,"href":"https:\/\/lenglerlaw.com\/en\/wp-json\/wp\/v2\/media\/123"}],"wp:attachment":[{"href":"https:\/\/lenglerlaw.com\/en\/wp-json\/wp\/v2\/media?parent=120"}],"curies":[{"name":"wp","href":"https:\/\/api.w.org\/{rel}","templated":true}]}}